{"id":2687,"date":"2021-07-29T02:39:05","date_gmt":"2021-07-29T02:39:05","guid":{"rendered":"https:\/\/loveoceancreative.com\/love\/"},"modified":"2021-10-30T00:40:34","modified_gmt":"2021-10-30T00:40:34","slug":"love","status":"publish","type":"page","link":"https:\/\/loveoceancreative.com\/de\/love\/","title":{"rendered":"Liebe ist die einzige L\u00f6sung"},"content":{"rendered":"<div id=\"cs-content\" class=\"cs-content\"><\/div>\n","protected":false},"excerpt":{"rendered":"<p>\u201eLiebe ist das Gr\u00f6\u00dfte im Leben und das Gr\u00f6\u00dfte im ganzen Universum. Doch den meisten Leuten fehlt heutzutage diese Liebe. Die Menschheit muss mehr Liebe als fr\u00fcher bekunden. Wir m\u00fcssen auch unsere Feinde lieben, unsere Nachbarn, die Tiere und unsere Umwelt. Dann k\u00f6nnen wir die Krise \u00fcberwinden und ein friedliches Leben f\u00fchren. Liebe muss sich nach au\u00dfen hin manifestieren. \u00dcber Liebe kann man nicht reden, sie muss sich in unseren Taten zeigen. Das bedeutet, sich vegan zu ern\u00e4hren, Gutes zu &#8230;<\/p>\n","protected":false},"author":2,"featured_media":0,"parent":0,"menu_order":0,"comment_status":"closed","ping_status":"closed","template":"template-layout-full-width.php","meta":{"footnotes":""},"class_list":["post-2687","page","type-page","status-publish","hentry","no-post-thumbnail"],"jetpack_sharing_enabled":true,"_links":{"self":[{"href":"https:\/\/loveoceancreative.com\/de\/wp-json\/wp\/v2\/pages\/2687","targetHints":{"allow":["GET"]}}],"collection":[{"href":"https:\/\/loveoceancreative.com\/de\/wp-json\/wp\/v2\/pages"}],"about":[{"href":"https:\/\/loveoceancreative.com\/de\/wp-json\/wp\/v2\/types\/page"}],"author":[{"embeddable":true,"href":"https:\/\/loveoceancreative.com\/de\/wp-json\/wp\/v2\/users\/2"}],"replies":[{"embeddable":true,"href":"https:\/\/loveoceancreative.com\/de\/wp-json\/wp\/v2\/comments?post=2687"}],"version-history":[{"count":0,"href":"https:\/\/loveoceancreative.com\/de\/wp-json\/wp\/v2\/pages\/2687\/revisions"}],"wp:attachment":[{"href":"https:\/\/loveoceancreative.com\/de\/wp-json\/wp\/v2\/media?parent=2687"}],"curies":[{"name":"wp","href":"https:\/\/api.w.org\/{rel}","templated":true}]}}