{"id":2564,"date":"2021-07-29T02:39:05","date_gmt":"2021-07-29T02:39:05","guid":{"rendered":"https:\/\/loveoceancreative.com\/love\/"},"modified":"2021-10-18T03:43:28","modified_gmt":"2021-10-18T03:43:28","slug":"love","status":"publish","type":"page","link":"https:\/\/loveoceancreative.com\/fr\/love\/","title":{"rendered":"L\u2019amour est la seule solution"},"content":{"rendered":"<div id=\"cs-content\" class=\"cs-content\"><\/div>\n","protected":false},"excerpt":{"rendered":"<p>\u00ab L&rsquo;amour est la meilleure chose dans la vie et la plus grande chose dans l&rsquo;univers tout entier. Mais la plupart des gens de nos jours manquent d&rsquo;amour. L&rsquo;humanit\u00e9 doit faire preuve de plus d&rsquo;amour qu\u2019avant. Nous devons m\u00eame aimer nos ennemis, nos voisins, les animaux et l&rsquo;environnement autour de nous, alors nous pouvons surmonter la crise et avoir une vie pacifique. L&rsquo;amour doit se manifester \u00e0 l&rsquo;ext\u00e9rieur. On ne peut pas parler de l\u2019amour, mais il doit \u00eatre d\u00e9montr\u00e9 &#8230;<\/p>\n","protected":false},"author":2,"featured_media":0,"parent":0,"menu_order":0,"comment_status":"closed","ping_status":"closed","template":"template-layout-full-width.php","meta":{"footnotes":""},"class_list":["post-2564","page","type-page","status-publish","hentry","no-post-thumbnail"],"jetpack_sharing_enabled":true,"_links":{"self":[{"href":"https:\/\/loveoceancreative.com\/fr\/wp-json\/wp\/v2\/pages\/2564","targetHints":{"allow":["GET"]}}],"collection":[{"href":"https:\/\/loveoceancreative.com\/fr\/wp-json\/wp\/v2\/pages"}],"about":[{"href":"https:\/\/loveoceancreative.com\/fr\/wp-json\/wp\/v2\/types\/page"}],"author":[{"embeddable":true,"href":"https:\/\/loveoceancreative.com\/fr\/wp-json\/wp\/v2\/users\/2"}],"replies":[{"embeddable":true,"href":"https:\/\/loveoceancreative.com\/fr\/wp-json\/wp\/v2\/comments?post=2564"}],"version-history":[{"count":0,"href":"https:\/\/loveoceancreative.com\/fr\/wp-json\/wp\/v2\/pages\/2564\/revisions"}],"wp:attachment":[{"href":"https:\/\/loveoceancreative.com\/fr\/wp-json\/wp\/v2\/media?parent=2564"}],"curies":[{"name":"wp","href":"https:\/\/api.w.org\/{rel}","templated":true}]}}