{"id":2738,"date":"2021-07-29T02:39:05","date_gmt":"2021-07-29T02:39:05","guid":{"rendered":"https:\/\/loveoceancreative.com\/love\/"},"modified":"2021-11-02T01:54:46","modified_gmt":"2021-11-02T01:54:46","slug":"love","status":"publish","type":"page","link":"https:\/\/loveoceancreative.com\/vi\/love\/","title":{"rendered":"T\u00ecnh Th\u01b0\u01a1ng L\u00e0 Gi\u1ea3i Ph\u00e1p Duy Nh\u1ea5t"},"content":{"rendered":"<div id=\"cs-content\" class=\"cs-content\"><\/div>\n","protected":false},"excerpt":{"rendered":"<p>T\u00ecnh th\u01b0\u01a1ng l\u00e0 m\u1ed9t s\u1ef1 v\u0129 \u0111\u1ea1i nh\u1ea5t trong cu\u1ed9c s\u1ed1ng, v\u00e0 v\u0129 \u0111\u1ea1i nh\u1ea5t tr\u00ean to\u00e0n c\u00f5i v\u0169 tr\u1ee5. Nh\u01b0ng m\u00e0 \u0111a s\u1ed1 nh\u00e2n lo\u1ea1i b\u00e2y gi\u1edd \u0111ang thi\u1ebfu k\u00e9m t\u00ecnh th\u01b0\u01a1ng \u0111\u00f3. Con ng\u01b0\u1eddi ph\u1ea3i th\u1ec3 hi\u1ec7n t\u00ecnh th\u01b0\u01a1ng nhi\u1ec1u h\u01a1n tr\u01b0\u1edbc. Ph\u1ea3i y\u00eau th\u01b0\u01a1ng c\u1ea3 k\u1ebb th\u00f9, ph\u1ea3i y\u00eau th\u01b0\u01a1ng h\u00e0ng x\u00f3m, ph\u1ea3i y\u00eau th\u01b0\u01a1ng \u0111\u1ed9ng v\u1eadt v\u00e0 m\u00f4i tr\u01b0\u1eddng xung quanh th\u00ec m\u1edbi c\u00f3 th\u1ec3 v\u01b0\u1ee3t qua c\u01a1n nguy kh\u1ed1n v\u00e0 \u0111\u01b0\u1ee3c l\u1ed1i s\u1ed1ng b\u00ecnh an. &#8230;<\/p>\n","protected":false},"author":2,"featured_media":0,"parent":0,"menu_order":0,"comment_status":"closed","ping_status":"closed","template":"template-layout-full-width.php","meta":{"footnotes":""},"class_list":["post-2738","page","type-page","status-publish","hentry","no-post-thumbnail"],"jetpack_sharing_enabled":true,"_links":{"self":[{"href":"https:\/\/loveoceancreative.com\/vi\/wp-json\/wp\/v2\/pages\/2738","targetHints":{"allow":["GET"]}}],"collection":[{"href":"https:\/\/loveoceancreative.com\/vi\/wp-json\/wp\/v2\/pages"}],"about":[{"href":"https:\/\/loveoceancreative.com\/vi\/wp-json\/wp\/v2\/types\/page"}],"author":[{"embeddable":true,"href":"https:\/\/loveoceancreative.com\/vi\/wp-json\/wp\/v2\/users\/2"}],"replies":[{"embeddable":true,"href":"https:\/\/loveoceancreative.com\/vi\/wp-json\/wp\/v2\/comments?post=2738"}],"version-history":[{"count":0,"href":"https:\/\/loveoceancreative.com\/vi\/wp-json\/wp\/v2\/pages\/2738\/revisions"}],"wp:attachment":[{"href":"https:\/\/loveoceancreative.com\/vi\/wp-json\/wp\/v2\/media?parent=2738"}],"curies":[{"name":"wp","href":"https:\/\/api.w.org\/{rel}","templated":true}]}}